{"id":2313,"date":"2018-07-09T17:10:43","date_gmt":"2018-07-09T17:10:43","guid":{"rendered":"http:\/\/maar.invita.si\/?page_id=2313"},"modified":"2018-10-01T22:59:37","modified_gmt":"2018-10-01T22:59:37","slug":"products","status":"publish","type":"page","link":"https:\/\/www.maar.si\/en\/products\/","title":{"rendered":"Products"},"content":{"rendered":"<div id='1' class='widgets_on_page wop_tiny1  wop_small1  wop_medium1  wop_large1  wop_wide1'>\n\t\t\t<ul><li id=\"ci-home-post-type-items-1\" class=\"widget widget_ci-home-post-type-items\"><div class=\"row row-items\"><div class=\"col-lg-4 col-sm-6 col-12\"><div class=\"entry-item\">\n\t\t\t<figure class=\"entry-item-thumb\">\n\t\t\t<a href=\"https:\/\/www.maar.si\/izdelki\/pakirne-mreze\/\">\n\t\t\t\t<img loading=\"lazy\" decoding=\"async\" width=\"555\" height=\"400\" src=\"https:\/\/www.maar.si\/wp-content\/uploads\/2018\/06\/KVADRAT-mix_2ss-555x400.jpg\" class=\"attachment-blockchain_item size-blockchain_item wp-post-image\" alt=\"\" \/>\t\t\t<\/a>\n\t\t<\/figure>\n\t\t\n\t<div class=\"entry-item-content\">\n\t\t<h2 class=\"entry-item-title\">\n\t\t\t<a href=\"https:\/\/www.maar.si\/izdelki\/pakirne-mreze\/\">\n\t\t\t\tPakirne mre\u017ee\t\t\t<\/a>\n\t\t<\/h2>\n\n\t\t<div class=\"entry-item-excerpt\">\n\t\t\t<p>Dobro pakiranje, bolj\u0161a prodaja! Okus za\u010dne vzbujati \u017ee primerno pakiranje. \u017divila, predvsem sadje in zelenjava, so v na\u0161ih mre\u017eah privla\u010dna zaradi dveh razlogov &#8211; so varno za\u0161\u010ditena in hkrati izpostavljena budnemu o\u010desu kupca v vsej [&hellip;]<\/p>\n\t\t<\/div>\n\n\t\t<a href=\"https:\/\/www.maar.si\/izdelki\/pakirne-mreze\/\" class=\"entry-item-read-more\">\n\t\t\tVe\u010d o tem <i class=\"fa fa-angle-right\"><\/i>\t\t<\/a>\n\t<\/div>\n<\/div>\n<\/div><div class=\"col-lg-4 col-sm-6 col-12\"><div class=\"entry-item\">\n\t\t\t<figure class=\"entry-item-thumb\">\n\t\t\t<a href=\"https:\/\/www.maar.si\/izdelki\/vrtni-program\/\">\n\t\t\t\t<img loading=\"lazy\" decoding=\"async\" width=\"555\" height=\"400\" src=\"https:\/\/www.maar.si\/wp-content\/uploads\/2018\/07\/7043344ms-555x400.jpg\" class=\"attachment-blockchain_item size-blockchain_item wp-post-image\" alt=\"\" \/>\t\t\t<\/a>\n\t\t<\/figure>\n\t\t\n\t<div class=\"entry-item-content\">\n\t\t<h2 class=\"entry-item-title\">\n\t\t\t<a href=\"https:\/\/www.maar.si\/izdelki\/vrtni-program\/\">\n\t\t\t\tVrtni program\t\t\t<\/a>\n\t\t<\/h2>\n\n\t\t<div class=\"entry-item-excerpt\">\n\t\t\t<p>Znanje, pridobljeno z razvojem in proizvodnjo pakirnih mre\u017e, smo prenesli na podro\u010dje vzgoje in skrbi za rastline na vrtu. Tako smo razvili serijo izdelkov, ki\u00a0 olaj\u0161ajo delo na vrtu, izbolj\u0161ajo \u017eivljenjske pogoje rastlin in pomagajo [&hellip;]<\/p>\n\t\t<\/div>\n\n\t\t<a href=\"https:\/\/www.maar.si\/izdelki\/vrtni-program\/\" class=\"entry-item-read-more\">\n\t\t\tVe\u010d o tem <i class=\"fa fa-angle-right\"><\/i>\t\t<\/a>\n\t<\/div>\n<\/div>\n<\/div><div class=\"col-lg-4 col-sm-6 col-12\"><div class=\"entry-item\">\n\t\t\t<figure class=\"entry-item-thumb\">\n\t\t\t<a href=\"https:\/\/www.maar.si\/izdelki\/zascitne-mreze\/\">\n\t\t\t\t<img loading=\"lazy\" decoding=\"async\" width=\"555\" height=\"400\" src=\"https:\/\/www.maar.si\/wp-content\/uploads\/2018\/07\/C015119ss-555x400.jpg\" class=\"attachment-blockchain_item size-blockchain_item wp-post-image\" alt=\"\" \/>\t\t\t<\/a>\n\t\t<\/figure>\n\t\t\n\t<div class=\"entry-item-content\">\n\t\t<h2 class=\"entry-item-title\">\n\t\t\t<a href=\"https:\/\/www.maar.si\/izdelki\/zascitne-mreze\/\">\n\t\t\t\tZa\u0161\u010ditne mre\u017ee\t\t\t<\/a>\n\t\t<\/h2>\n\n\t\t<div class=\"entry-item-excerpt\">\n\t\t\t<p>Posebni izdelki, namenjeni mehanski za\u0161\u010diti kovinskih, aluminijastih ali lesenih povr\u0161in. Izredno odporna cevasta mre\u017ea za\u0161\u010diti predmete pred po\u0161kodbami med transportom do kon\u010dne uporabe ali monta\u017ee. Tako lahko varuje na primer okrasne predmete, kovinske ograje, kromirane [&hellip;]<\/p>\n\t\t<\/div>\n\n\t\t<a href=\"https:\/\/www.maar.si\/izdelki\/zascitne-mreze\/\" class=\"entry-item-read-more\">\n\t\t\tVe\u010d o tem <i class=\"fa fa-angle-right\"><\/i>\t\t<\/a>\n\t<\/div>\n<\/div>\n<\/div><div class=\"col-lg-4 col-sm-6 col-12\"><div class=\"entry-item\">\n\t\t\t<figure class=\"entry-item-thumb\">\n\t\t\t<a href=\"https:\/\/www.maar.si\/izdelki\/celulozne-mreze\/\">\n\t\t\t\t<img loading=\"lazy\" decoding=\"async\" width=\"555\" height=\"400\" src=\"https:\/\/www.maar.si\/wp-content\/uploads\/2023\/07\/ADO8495s-555x400.jpg\" class=\"attachment-blockchain_item size-blockchain_item wp-post-image\" alt=\"\" \/>\t\t\t<\/a>\n\t\t<\/figure>\n\t\t\n\t<div class=\"entry-item-content\">\n\t\t<h2 class=\"entry-item-title\">\n\t\t\t<a href=\"https:\/\/www.maar.si\/izdelki\/celulozne-mreze\/\">\n\t\t\t\tCelulozne mre\u017ee\t\t\t<\/a>\n\t\t<\/h2>\n\n\t\t<div class=\"entry-item-excerpt\">\n\t\t\t<p>Mre\u017ee iz celuloznih niti predstavljajo okolju prijazno re\u0161itev. Celulozna vlakna na osnovi lesa so naprej spredena v niti in nato spletena v mre\u017ee. Zaradi svoje 100 % naravne sestave so celulozne mre\u017ee biorazgradljive in zagotavljajo [&hellip;]<\/p>\n\t\t<\/div>\n\n\t\t<a href=\"https:\/\/www.maar.si\/izdelki\/celulozne-mreze\/\" class=\"entry-item-read-more\">\n\t\t\tVe\u010d o tem <i class=\"fa fa-angle-right\"><\/i>\t\t<\/a>\n\t<\/div>\n<\/div>\n<\/div><div class=\"col-lg-4 col-sm-6 col-12\"><div class=\"entry-item\">\n\t\t\t<figure class=\"entry-item-thumb\">\n\t\t\t<a href=\"https:\/\/www.maar.si\/izdelki\/bio-program\/\">\n\t\t\t\t<img loading=\"lazy\" decoding=\"async\" width=\"555\" height=\"400\" src=\"https:\/\/www.maar.si\/wp-content\/uploads\/2018\/07\/C015206-BIOss-555x400.jpg\" class=\"attachment-blockchain_item size-blockchain_item wp-post-image\" alt=\"\" \/>\t\t\t<\/a>\n\t\t<\/figure>\n\t\t\n\t<div class=\"entry-item-content\">\n\t\t<h2 class=\"entry-item-title\">\n\t\t\t<a href=\"https:\/\/www.maar.si\/izdelki\/bio-program\/\">\n\t\t\t\tBIO program\t\t\t<\/a>\n\t\t<\/h2>\n\n\t\t<div class=\"entry-item-excerpt\">\n\t\t\t<p>Pomen ohranjanja okolja je za nas mo\u010dno vodilo pri vsakem po\u010detju. Okoljski pogled vklju\u010dujemo v razvoj in proizvodnjo vseh na\u0161ih izdelkov. A poleg tega smo razvili \u0161e na\u0161o izvirno posebno linijo\u00a0 okolju prijaznih biolo\u0161ko razgradljivih [&hellip;]<\/p>\n\t\t<\/div>\n\n\t\t<a href=\"https:\/\/www.maar.si\/izdelki\/bio-program\/\" class=\"entry-item-read-more\">\n\t\t\tVe\u010d o tem <i class=\"fa fa-angle-right\"><\/i>\t\t<\/a>\n\t<\/div>\n<\/div>\n<\/div><div class=\"col-lg-4 col-sm-6 col-12\"><div class=\"entry-item\">\n\t\t\t<figure class=\"entry-item-thumb\">\n\t\t\t<a href=\"https:\/\/www.maar.si\/izdelki\/pe-vrecke\/\">\n\t\t\t\t<img loading=\"lazy\" decoding=\"async\" width=\"555\" height=\"400\" src=\"https:\/\/www.maar.si\/wp-content\/uploads\/2018\/06\/DSC0095-555x400.jpg\" class=\"attachment-blockchain_item size-blockchain_item wp-post-image\" alt=\"\" \/>\t\t\t<\/a>\n\t\t<\/figure>\n\t\t\n\t<div class=\"entry-item-content\">\n\t\t<h2 class=\"entry-item-title\">\n\t\t\t<a href=\"https:\/\/www.maar.si\/izdelki\/pe-vrecke\/\">\n\t\t\t\tPE vre\u010dke\t\t\t<\/a>\n\t\t<\/h2>\n\n\t\t<div class=\"entry-item-excerpt\">\n\t\t\t<p>Polietilenske vre\u010dke predstavljajo priljubljeno in preverjeno metodo za pakiranje sadja in zelenjave, predvsem v supermarketih. Poleg drugih prednosti izstopa pri tem na\u010dinu pakiranja mo\u017enost dodatne grafi\u010dne obdelave oz. potiska povr\u0161ine vre\u010dk. Barvno do\u017eivetje Zunanjo povr\u0161ino [&hellip;]<\/p>\n\t\t<\/div>\n\n\t\t<a href=\"https:\/\/www.maar.si\/izdelki\/pe-vrecke\/\" class=\"entry-item-read-more\">\n\t\t\tVe\u010d o tem <i class=\"fa fa-angle-right\"><\/i>\t\t<\/a>\n\t<\/div>\n<\/div>\n<\/div><div class=\"col-lg-4 col-sm-6 col-12\"><div class=\"entry-item\">\n\t\t\t<figure class=\"entry-item-thumb\">\n\t\t\t<a href=\"https:\/\/www.maar.si\/izdelki\/dopolnilni-program\/\">\n\t\t\t\t<img loading=\"lazy\" decoding=\"async\" width=\"555\" height=\"400\" src=\"https:\/\/www.maar.si\/wp-content\/uploads\/2018\/07\/mreza-ss-555x400.jpg\" class=\"attachment-blockchain_item size-blockchain_item wp-post-image\" alt=\"\" \/>\t\t\t<\/a>\n\t\t<\/figure>\n\t\t\n\t<div class=\"entry-item-content\">\n\t\t<h2 class=\"entry-item-title\">\n\t\t\t<a href=\"https:\/\/www.maar.si\/izdelki\/dopolnilni-program\/\">\n\t\t\t\tDopolnilni program\t\t\t<\/a>\n\t\t<\/h2>\n\n\t\t<div class=\"entry-item-excerpt\">\n\t\t\t<p>Za na\u0161e stranke in njihove potrebe na podro\u010dju pakiranja izdelkov skrbimo v celoti. Zato ponujamo tudi ves dopolnilni material, ki je potreben za celovit in zaklju\u010den pakirni proces. Po \u017eeljah in potrebah kupca priskrbimo sponke [&hellip;]<\/p>\n\t\t<\/div>\n\n\t\t<a href=\"https:\/\/www.maar.si\/izdelki\/dopolnilni-program\/\" class=\"entry-item-read-more\">\n\t\t\tVe\u010d o tem <i class=\"fa fa-angle-right\"><\/i>\t\t<\/a>\n\t<\/div>\n<\/div>\n<\/div><\/div><\/li><\/ul><\/div><!-- widgets_on_page -->\n","protected":false},"excerpt":{"rendered":"","protected":false},"author":1,"featured_media":2378,"parent":0,"menu_order":1,"comment_status":"closed","ping_status":"closed","template":"templates\/listing-blockchain_service.php","meta":{"footnotes":""},"class_list":["post-2313","page","type-page","status-publish","has-post-thumbnail","hentry"],"_links":{"self":[{"href":"https:\/\/www.maar.si\/en\/wp-json\/wp\/v2\/pages\/2313\/"}],"collection":[{"href":"https:\/\/www.maar.si\/en\/wp-json\/wp\/v2\/pages\/"}],"about":[{"href":"https:\/\/www.maar.si\/en\/wp-json\/wp\/v2\/types\/page\/"}],"author":[{"embeddable":true,"href":"https:\/\/www.maar.si\/en\/wp-json\/wp\/v2\/users\/1\/"}],"replies":[{"embeddable":true,"href":"https:\/\/www.maar.si\/en\/wp-json\/wp\/v2\/comments\/?post=2313"}],"version-history":[{"count":1,"href":"https:\/\/www.maar.si\/en\/wp-json\/wp\/v2\/pages\/2313\/revisions\/"}],"predecessor-version":[{"id":2316,"href":"https:\/\/www.maar.si\/en\/wp-json\/wp\/v2\/pages\/2313\/revisions\/2316\/"}],"wp:featuredmedia":[{"embeddable":true,"href":"https:\/\/www.maar.si\/en\/wp-json\/wp\/v2\/media\/2378\/"}],"wp:attachment":[{"href":"https:\/\/www.maar.si\/en\/wp-json\/wp\/v2\/media\/?parent=2313"}],"curies":[{"name":"wp","href":"https:\/\/api.w.org\/{rel}","templated":true}]}}