{"id":2344,"date":"2018-07-09T17:51:06","date_gmt":"2018-07-09T17:51:06","guid":{"rendered":"http:\/\/maar.invita.si\/?page_id=2344"},"modified":"2021-11-29T22:00:58","modified_gmt":"2021-11-29T22:00:58","slug":"ekstrudirane-mreze","status":"publish","type":"page","link":"https:\/\/www.maar.si\/de\/produkte\/verpackungsnetze\/ekstrudirane-mreze\/","title":{"rendered":"Extrudierte Netze"},"content":{"rendered":"\t\t<div data-elementor-type=\"wp-post\" data-elementor-id=\"2344\" class=\"elementor elementor-2344\" data-elementor-settings=\"[]\">\n\t\t\t\t\t\t<div class=\"elementor-inner\">\n\t\t\t\t\t\t\t<div class=\"elementor-section-wrap\">\n\t\t\t\t\t\t\t<section class=\"elementor-section elementor-top-section elementor-element elementor-element-329a00d elementor-section-boxed elementor-section-height-default elementor-section-height-default\" data-id=\"329a00d\" data-element_type=\"section\" data-settings=\"{&quot;background_background&quot;:&quot;classic&quot;}\">\n\t\t\t\t\t\t<div class=\"elementor-container elementor-column-gap-default\">\n\t\t\t\t\t\t\t<div class=\"elementor-row\">\n\t\t\t\t\t<div class=\"elementor-column elementor-col-50 elementor-top-column elementor-element elementor-element-e80ff94\" data-id=\"e80ff94\" data-element_type=\"column\">\n\t\t\t<div class=\"elementor-column-wrap elementor-element-populated\">\n\t\t\t\t\t\t\t<div class=\"elementor-widget-wrap\">\n\t\t\t\t\t\t<div class=\"elementor-element elementor-element-80b5fd5 elementor-drop-cap-yes elementor-drop-cap-view-default elementor-widget elementor-widget-text-editor\" data-id=\"80b5fd5\" data-element_type=\"widget\" data-settings=\"{&quot;drop_cap&quot;:&quot;yes&quot;}\" data-widget_type=\"text-editor.default\">\n\t\t\t\t<div class=\"elementor-widget-container\">\n\t\t\t\t\t\t\t\t<div class=\"elementor-text-editor elementor-clearfix\">\n\t\t\t\t<p>Extrudierte bzw. geschwei\u00dfte Netze stellen die Eckpfeiler unserer Produktpalette dar. Sie bestehen aus Polyethylen und werden mittels Schwei\u00dfverfahrens nach vorgegebenem Muster hergestellt. Extrudierte Netze sind gut dehnbar und vielseitig anwendbar. Dank ihrer Eigenschaften sind sie die ideale Verpackung f\u00fcr das einfache Verpacken aller Obst- und Gem\u00fcsesorten sowie unterschiedlicher Mengen und eignen sich f\u00fcr Gro\u00df- und Einzelh\u00e4ndler.<\/p><p><span style=\"color: #000000;\">Vorteile<\/span><\/p><p>Extrudierte Netze zeichnen sich durch ihre Haltbarkeit und ihr hohes Schutzniveau f\u00fcr die verpackten Lebensmittel aus. Sie sind unempfindlich gegen\u00fcber Feuchtigkeit und sowohl f\u00fcr die Lagerung als auch den Verkauf geeignet.<\/p><p><span style=\"color: #000000;\">Packung<\/span><\/p><p>Extrudierte Netze werden in verschiedenen L\u00e4ngen, auf Rollen oder Manschetten angeboten, je nach Anforderungen der Abnehmer oder je nach Verpackungsmaschinen.<\/p>\t\t\t\t\t<\/div>\n\t\t\t\t\t\t<\/div>\n\t\t\t\t<\/div>\n\t\t\t\t\t\t<\/div>\n\t\t\t\t\t<\/div>\n\t\t<\/div>\n\t\t\t\t<div class=\"elementor-column elementor-col-50 elementor-top-column elementor-element elementor-element-c60c79a\" data-id=\"c60c79a\" data-element_type=\"column\">\n\t\t\t<div class=\"elementor-column-wrap elementor-element-populated\">\n\t\t\t\t\t\t\t<div class=\"elementor-widget-wrap\">\n\t\t\t\t\t\t<div class=\"elementor-element elementor-element-24fb6f3 elementor-widget elementor-widget-text-editor\" data-id=\"24fb6f3\" data-element_type=\"widget\" data-widget_type=\"text-editor.default\">\n\t\t\t\t<div class=\"elementor-widget-container\">\n\t\t\t\t\t\t\t\t<div class=\"elementor-text-editor elementor-clearfix\">\n\t\t\t\t<span style=\"color: #ffffff;\">F\u00fcr die Lebensmittelindustrie ist die hygienische Unbedenklichkeit von gro\u00dfer Bedeutung. Wir garantieren Ihnen, dass unsere Netze aus gesundheitsfreundlichen Materialien und Farben hergestellt sind. <\/span>\t\t\t\t\t<\/div>\n\t\t\t\t\t\t<\/div>\n\t\t\t\t<\/div>\n\t\t\t\t<div class=\"elementor-element elementor-element-7bb7b74 elementor-widget elementor-widget-spacer\" data-id=\"7bb7b74\" data-element_type=\"widget\" data-widget_type=\"spacer.default\">\n\t\t\t\t<div class=\"elementor-widget-container\">\n\t\t\t\t\t<div class=\"elementor-spacer\">\n\t\t\t<div class=\"elementor-spacer-inner\"><\/div>\n\t\t<\/div>\n\t\t\t\t<\/div>\n\t\t\t\t<\/div>\n\t\t\t\t<div class=\"elementor-element elementor-element-354d8a3 elementor-widget elementor-widget-image\" data-id=\"354d8a3\" data-element_type=\"widget\" data-widget_type=\"image.default\">\n\t\t\t\t<div class=\"elementor-widget-container\">\n\t\t\t\t\t\t\t\t<div class=\"elementor-image\">\n\t\t\t\t\t\t\t\t\t\t\t\t<img loading=\"lazy\" decoding=\"async\" width=\"223\" height=\"175\" src=\"https:\/\/www.maar.si\/wp-content\/uploads\/2018\/04\/sz-eks2.jpg\" class=\"attachment-large size-large\" alt=\"Mre\u017ee za pakiranje\" srcset=\"https:\/\/www.maar.si\/wp-content\/uploads\/2018\/04\/sz-eks2.jpg 223w, https:\/\/www.maar.si\/wp-content\/uploads\/2018\/04\/sz-eks2-102x80.jpg 102w\" sizes=\"auto, (max-width: 223px) 100vw, 223px\" \/>\t\t\t\t\t\t\t\t\t\t\t\t\t\t<\/div>\n\t\t\t\t\t\t<\/div>\n\t\t\t\t<\/div>\n\t\t\t\t\t\t<\/div>\n\t\t\t\t\t<\/div>\n\t\t<\/div>\n\t\t\t\t\t\t\t\t<\/div>\n\t\t\t\t\t<\/div>\n\t\t<\/section>\n\t\t\t\t<section class=\"elementor-section elementor-top-section elementor-element elementor-element-66c8f71 elementor-section-boxed elementor-section-height-default elementor-section-height-default\" data-id=\"66c8f71\" data-element_type=\"section\">\n\t\t\t\t\t\t<div class=\"elementor-container elementor-column-gap-default\">\n\t\t\t\t\t\t\t<div class=\"elementor-row\">\n\t\t\t\t\t<div class=\"elementor-column elementor-col-100 elementor-top-column elementor-element elementor-element-8b5808e\" data-id=\"8b5808e\" data-element_type=\"column\">\n\t\t\t<div class=\"elementor-column-wrap\">\n\t\t\t\t\t\t\t<div class=\"elementor-widget-wrap\">\n\t\t\t\t\t\t\t\t<\/div>\n\t\t\t\t\t<\/div>\n\t\t<\/div>\n\t\t\t\t\t\t\t\t<\/div>\n\t\t\t\t\t<\/div>\n\t\t<\/section>\n\t\t\t\t<section class=\"elementor-section elementor-top-section elementor-element elementor-element-f1739e3 elementor-section-boxed elementor-section-height-default elementor-section-height-default\" data-id=\"f1739e3\" data-element_type=\"section\">\n\t\t\t\t\t\t<div class=\"elementor-container elementor-column-gap-default\">\n\t\t\t\t\t\t\t<div class=\"elementor-row\">\n\t\t\t\t\t<div class=\"elementor-column elementor-col-100 elementor-top-column elementor-element elementor-element-b75dfa4\" data-id=\"b75dfa4\" data-element_type=\"column\">\n\t\t\t<div class=\"elementor-column-wrap elementor-element-populated\">\n\t\t\t\t\t\t\t<div class=\"elementor-widget-wrap\">\n\t\t\t\t\t\t<div class=\"elementor-element elementor-element-3dab5d4 elementor-widget elementor-widget-text-editor\" data-id=\"3dab5d4\" data-element_type=\"widget\" data-widget_type=\"text-editor.default\">\n\t\t\t\t<div class=\"elementor-widget-container\">\n\t\t\t\t\t\t\t\t<div class=\"elementor-text-editor elementor-clearfix\">\n\t\t\t\t<h4><span style=\"color: #d90000;\">Rohrf\u00f6rmige extrudierte Netze<\/span><\/h4>\t\t\t\t\t<\/div>\n\t\t\t\t\t\t<\/div>\n\t\t\t\t<\/div>\n\t\t\t\t\t\t<\/div>\n\t\t\t\t\t<\/div>\n\t\t<\/div>\n\t\t\t\t\t\t\t\t<\/div>\n\t\t\t\t\t<\/div>\n\t\t<\/section>\n\t\t\t\t<section class=\"elementor-section elementor-top-section elementor-element elementor-element-3314629 elementor-section-boxed elementor-section-height-default elementor-section-height-default\" data-id=\"3314629\" data-element_type=\"section\">\n\t\t\t\t\t\t<div class=\"elementor-container elementor-column-gap-default\">\n\t\t\t\t\t\t\t<div class=\"elementor-row\">\n\t\t\t\t\t<div class=\"elementor-column elementor-col-33 elementor-top-column elementor-element elementor-element-a31a306\" data-id=\"a31a306\" data-element_type=\"column\">\n\t\t\t<div class=\"elementor-column-wrap elementor-element-populated\">\n\t\t\t\t\t\t\t<div class=\"elementor-widget-wrap\">\n\t\t\t\t\t\t<div class=\"elementor-element elementor-element-10492e4 elementor-widget elementor-widget-image\" data-id=\"10492e4\" data-element_type=\"widget\" data-widget_type=\"image.default\">\n\t\t\t\t<div class=\"elementor-widget-container\">\n\t\t\t\t\t\t\t\t<div class=\"elementor-image\">\n\t\t\t\t\t\t\t\t\t\t\t\t<img loading=\"lazy\" decoding=\"async\" width=\"850\" height=\"520\" src=\"https:\/\/www.maar.si\/wp-content\/uploads\/2018\/06\/DSC1299-1024x627.jpg\" class=\"attachment-large size-large\" alt=\"\" srcset=\"https:\/\/www.maar.si\/wp-content\/uploads\/2018\/06\/DSC1299-1024x627.jpg 1024w, https:\/\/www.maar.si\/wp-content\/uploads\/2018\/06\/DSC1299-300x184.jpg 300w, https:\/\/www.maar.si\/wp-content\/uploads\/2018\/06\/DSC1299-768x470.jpg 768w, https:\/\/www.maar.si\/wp-content\/uploads\/2018\/06\/DSC1299-555x340.jpg 555w, https:\/\/www.maar.si\/wp-content\/uploads\/2018\/06\/DSC1299-131x80.jpg 131w, https:\/\/www.maar.si\/wp-content\/uploads\/2018\/06\/DSC1299.jpg 1337w\" sizes=\"auto, (max-width: 850px) 100vw, 850px\" \/>\t\t\t\t\t\t\t\t\t\t\t\t\t\t<\/div>\n\t\t\t\t\t\t<\/div>\n\t\t\t\t<\/div>\n\t\t\t\t\t\t<\/div>\n\t\t\t\t\t<\/div>\n\t\t<\/div>\n\t\t\t\t<div class=\"elementor-column elementor-col-33 elementor-top-column elementor-element elementor-element-f53154f\" data-id=\"f53154f\" data-element_type=\"column\">\n\t\t\t<div class=\"elementor-column-wrap elementor-element-populated\">\n\t\t\t\t\t\t\t<div class=\"elementor-widget-wrap\">\n\t\t\t\t\t\t<div class=\"elementor-element elementor-element-ee13560 elementor-widget elementor-widget-image\" data-id=\"ee13560\" data-element_type=\"widget\" data-widget_type=\"image.default\">\n\t\t\t\t<div class=\"elementor-widget-container\">\n\t\t\t\t\t\t\t\t<div class=\"elementor-image\">\n\t\t\t\t\t\t\t\t\t\t\t\t<img loading=\"lazy\" decoding=\"async\" width=\"768\" height=\"406\" src=\"https:\/\/www.maar.si\/wp-content\/uploads\/2018\/06\/DSC1315-768x406.jpg\" class=\"attachment-medium_large size-medium_large\" alt=\"\" srcset=\"https:\/\/www.maar.si\/wp-content\/uploads\/2018\/06\/DSC1315-768x406.jpg 768w, https:\/\/www.maar.si\/wp-content\/uploads\/2018\/06\/DSC1315-300x159.jpg 300w, https:\/\/www.maar.si\/wp-content\/uploads\/2018\/06\/DSC1315-1024x542.jpg 1024w, https:\/\/www.maar.si\/wp-content\/uploads\/2018\/06\/DSC1315-555x294.jpg 555w, https:\/\/www.maar.si\/wp-content\/uploads\/2018\/06\/DSC1315-151x80.jpg 151w\" sizes=\"auto, (max-width: 768px) 100vw, 768px\" \/>\t\t\t\t\t\t\t\t\t\t\t\t\t\t<\/div>\n\t\t\t\t\t\t<\/div>\n\t\t\t\t<\/div>\n\t\t\t\t\t\t<\/div>\n\t\t\t\t\t<\/div>\n\t\t<\/div>\n\t\t\t\t<div class=\"elementor-column elementor-col-33 elementor-top-column elementor-element elementor-element-2322c93\" data-id=\"2322c93\" data-element_type=\"column\">\n\t\t\t<div class=\"elementor-column-wrap elementor-element-populated\">\n\t\t\t\t\t\t\t<div class=\"elementor-widget-wrap\">\n\t\t\t\t\t\t<div class=\"elementor-element elementor-element-2dabf84 elementor-widget elementor-widget-image\" data-id=\"2dabf84\" data-element_type=\"widget\" data-widget_type=\"image.default\">\n\t\t\t\t<div class=\"elementor-widget-container\">\n\t\t\t\t\t\t\t\t<div class=\"elementor-image\">\n\t\t\t\t\t\t\t\t\t\t\t\t<img loading=\"lazy\" decoding=\"async\" width=\"850\" height=\"481\" src=\"https:\/\/www.maar.si\/wp-content\/uploads\/2018\/06\/DSC1305-1024x579.jpg\" class=\"attachment-large size-large\" alt=\"\" srcset=\"https:\/\/www.maar.si\/wp-content\/uploads\/2018\/06\/DSC1305-1024x579.jpg 1024w, https:\/\/www.maar.si\/wp-content\/uploads\/2018\/06\/DSC1305-300x170.jpg 300w, https:\/\/www.maar.si\/wp-content\/uploads\/2018\/06\/DSC1305-768x434.jpg 768w, https:\/\/www.maar.si\/wp-content\/uploads\/2018\/06\/DSC1305-555x314.jpg 555w, https:\/\/www.maar.si\/wp-content\/uploads\/2018\/06\/DSC1305-142x80.jpg 142w, https:\/\/www.maar.si\/wp-content\/uploads\/2018\/06\/DSC1305.jpg 1600w\" sizes=\"auto, (max-width: 850px) 100vw, 850px\" \/>\t\t\t\t\t\t\t\t\t\t\t\t\t\t<\/div>\n\t\t\t\t\t\t<\/div>\n\t\t\t\t<\/div>\n\t\t\t\t\t\t<\/div>\n\t\t\t\t\t<\/div>\n\t\t<\/div>\n\t\t\t\t\t\t\t\t<\/div>\n\t\t\t\t\t<\/div>\n\t\t<\/section>\n\t\t\t\t<section class=\"elementor-section elementor-top-section elementor-element elementor-element-a5f933f elementor-section-full_width elementor-section-height-default elementor-section-height-default\" data-id=\"a5f933f\" data-element_type=\"section\">\n\t\t\t\t\t\t<div class=\"elementor-container elementor-column-gap-default\">\n\t\t\t\t\t\t\t<div class=\"elementor-row\">\n\t\t\t\t\t<div class=\"elementor-column elementor-col-100 elementor-top-column elementor-element elementor-element-f8c723c\" data-id=\"f8c723c\" data-element_type=\"column\">\n\t\t\t<div class=\"elementor-column-wrap elementor-element-populated\">\n\t\t\t\t\t\t\t<div class=\"elementor-widget-wrap\">\n\t\t\t\t\t\t<div class=\"elementor-element elementor-element-8a7a657 elementor-widget elementor-widget-accordion\" data-id=\"8a7a657\" data-element_type=\"widget\" data-widget_type=\"accordion.default\">\n\t\t\t\t<div class=\"elementor-widget-container\">\n\t\t\t\t\t<div class=\"elementor-accordion\" role=\"tablist\">\n\t\t\t\t\t\t\t<div class=\"elementor-accordion-item\">\n\t\t\t\t\t<div id=\"elementor-tab-title-1451\" class=\"elementor-tab-title\" data-tab=\"1\" role=\"tab\" aria-controls=\"elementor-tab-content-1451\" aria-expanded=\"false\">\n\t\t\t\t\t\t\t\t\t\t\t\t\t<span class=\"elementor-accordion-icon elementor-accordion-icon-left\" aria-hidden=\"true\">\n\t\t\t\t\t\t\t\t\t\t\t\t\t\t\t<span class=\"elementor-accordion-icon-closed\"><i class=\"fas fa-plus\"><\/i><\/span>\n\t\t\t\t\t\t\t\t<span class=\"elementor-accordion-icon-opened\"><i class=\"fas fa-minus\"><\/i><\/span>\n\t\t\t\t\t\t\t\t\t\t\t\t\t\t<\/span>\n\t\t\t\t\t\t\t\t\t\t\t\t<a class=\"elementor-accordion-title\" href=\"\">Technische Daten<\/a>\n\t\t\t\t\t<\/div>\n\t\t\t\t\t<div id=\"elementor-tab-content-1451\" class=\"elementor-tab-content elementor-clearfix\" data-tab=\"1\" role=\"tabpanel\" aria-labelledby=\"elementor-tab-title-1451\"><table id=\"t01\">\n<tbody>\n<tr>\n<th class=\"th1\">Verpackungsnetze<\/th>\n<th class=\"th2\">Farbe<\/th>\n<th class=\"th3\">Breite<\/th>\n<th class=\"th4\">Rohrdurchmesser<\/th>\n<th class=\"th5\">Tragf\u00e4-higkeit<\/th>\n<th class=\"th6\" colspan=\"2\">Packung<\/th>\n<th class=\"th7\" colspan=\"2\">Gewicht<\/th>\n<th class=\"th8\" colspan=\"2\">Transport<\/th>\n<\/tr>\n<tr>\n<td rowspan=\"2\"><\/td>\n<td rowspan=\"2\"><\/td>\n<td rowspan=\"2\"><img loading=\"lazy\" decoding=\"async\" src=\"\/wp-content\/uploads\/2018\/07\/rsirina.gif\" width=\"45\" height=\"50\" \/><\/td>\n<td rowspan=\"2\" align=\"center\"><img loading=\"lazy\" decoding=\"async\" src=\"\/wp-content\/uploads\/2018\/07\/premer-c.gif\" width=\"50\" height=\"43\" \/><\/td>\n<td rowspan=\"2\"><img loading=\"lazy\" decoding=\"async\" src=\"\/wp-content\/uploads\/2018\/07\/nosilnost-1.gif\" width=\"63\" height=\"54\" \/><\/td>\n<td>Rolle-R<\/td>\n<td>Manschette-N<\/td>\n<td>Rolle-R<\/td>\n<td>Manschette-N<\/td>\n<td colspan=\"2\" rowspan=\"2\"><img loading=\"lazy\" decoding=\"async\" src=\"\/wp-content\/uploads\/2018\/07\/transport.gif\" alt=\"Sleeve\" width=\"58\" height=\"44\" \/><\/td>\n<\/tr>\n<tr>\n<td><img loading=\"lazy\" decoding=\"async\" src=\"\/wp-content\/uploads\/2018\/07\/rola-velika.gif\" width=\"42\" height=\"48\" \/><\/td>\n<td><img loading=\"lazy\" decoding=\"async\" src=\"\/wp-content\/uploads\/2018\/07\/bunt-1.gif\" alt=\"Sleeve\" width=\"50\" height=\"31\" \/><\/td>\n<td colspan=\"2\"><img loading=\"lazy\" decoding=\"async\" src=\"\/wp-content\/uploads\/2018\/07\/kg.gif\" width=\"33\" height=\"30\" \/><\/td>\n<\/tr>\n<tr>\n<td class=\"th1\">N_50_510_65_XY_R\/N<\/td>\n<td>\n<table>\n<tbody>\n<img loading=\"lazy\" decoding=\"async\" class=\"aligncenter size-full wp-image-4846\" src=\"https:\/\/www.maar.si\/wp-content\/uploads\/2021\/11\/b-roza.gif\" alt=\"\" width=\"40\" height=\"40\" srcset=\"https:\/\/www.maar.si\/wp-content\/uploads\/2021\/11\/b-roza.gif 86w, https:\/\/www.maar.si\/wp-content\/uploads\/2021\/11\/b-roza-80x80.gif 80w\" sizes=\"auto, (max-width: 40px) 100vw, 40px\" \/>\n<\/tbody>\n<\/table>\n<\/td>\n<td>460 mm<\/td>\n<td>160 mm<\/td>\n<td>5 kg<\/td>\n<td>2000 m<\/td>\n<td>40&#215;100 m<\/td>\n<td>13,20 kg<\/td>\n<td>27,20 kg<\/td>\n<td>72.000 m<\/td>\n<td>72.000 m<\/td>\n<\/tr>\n<tr>\n<td class=\"th1\">N_50_510_100_XY_R<\/td>\n<td>\n<img loading=\"lazy\" decoding=\"async\" class=\"aligncenter size-full wp-image-4846\" src=\"https:\/\/www.maar.si\/wp-content\/uploads\/2021\/11\/b-roza.gif\" alt=\"\" width=\"40\" height=\"40\" srcset=\"https:\/\/www.maar.si\/wp-content\/uploads\/2021\/11\/b-roza.gif 86w, https:\/\/www.maar.si\/wp-content\/uploads\/2021\/11\/b-roza-80x80.gif 80w\" sizes=\"auto, (max-width: 40px) 100vw, 40px\" \/>\n<\/td>\n<td>460 mm<\/td>\n<td>160 mm<\/td>\n<td>7 kg<\/td>\n<td>1000 m<\/td>\n<td><\/td>\n<td>10,20 kg<\/td>\n<td><\/td>\n<td>75.000 m<\/td>\n<td><\/td>\n<\/tr>\n<tr>\n<td class=\"th1\">N_50_610_65_XY_R\/N<\/td>\n<td>\n<img loading=\"lazy\" decoding=\"async\" class=\"aligncenter size-full wp-image-4846\" src=\"https:\/\/www.maar.si\/wp-content\/uploads\/2021\/11\/b-roza.gif\" alt=\"\" width=\"40\" height=\"40\" srcset=\"https:\/\/www.maar.si\/wp-content\/uploads\/2021\/11\/b-roza.gif 86w, https:\/\/www.maar.si\/wp-content\/uploads\/2021\/11\/b-roza-80x80.gif 80w\" sizes=\"auto, (max-width: 40px) 100vw, 40px\" \/>\n<\/td>\n<td>560 mm<\/td>\n<td>200 mm<\/td>\n<td>5 kg<\/td>\n<td>2000 m<\/td>\n<td>12&#215;250 m<\/td>\n<td>13,20 kg<\/td>\n<td>20,70 kg<\/td>\n<td>72.000 m<\/td>\n<td>54.000 m<\/td>\n<\/tr>\n<tr>\n<td class=\"th1\">N_80_520_50-RO_XY_R<\/td>\n<td>\n<img loading=\"lazy\" decoding=\"async\" class=\"aligncenter size-full wp-image-4846\" src=\"https:\/\/www.maar.si\/wp-content\/uploads\/2021\/11\/b-roza.gif\" alt=\"\" width=\"40\" height=\"40\" srcset=\"https:\/\/www.maar.si\/wp-content\/uploads\/2021\/11\/b-roza.gif 86w, https:\/\/www.maar.si\/wp-content\/uploads\/2021\/11\/b-roza-80x80.gif 80w\" sizes=\"auto, (max-width: 40px) 100vw, 40px\" \/>\n<\/td>\n<td>460 mm<\/td>\n<td>160 mm<\/td>\n<td>2 kg<\/td>\n<td>1800 m<\/td>\n<td><\/td>\n<td>9,20 kg<\/td>\n<td><\/td>\n<td>108.000 m<\/td>\n<td><\/td>\n<\/tr>\n<tr>\n<td class=\"th1\">N_80_520_50_XY_R\/N<\/td>\n<td>\n<img loading=\"lazy\" decoding=\"async\" class=\"aligncenter size-full wp-image-4846\" src=\"https:\/\/www.maar.si\/wp-content\/uploads\/2021\/11\/b-roza.gif\" alt=\"\" width=\"40\" height=\"40\" srcset=\"https:\/\/www.maar.si\/wp-content\/uploads\/2021\/11\/b-roza.gif 86w, https:\/\/www.maar.si\/wp-content\/uploads\/2021\/11\/b-roza-80x80.gif 80w\" sizes=\"auto, (max-width: 40px) 100vw, 40px\" \/>\n<\/td>\n<td>460 mm<\/td>\n<td>160 mm<\/td>\n<td>2 kg<\/td>\n<td>2000 m<\/td>\n<td>40&#215;100 m<\/td>\n<td>10,20 kg<\/td>\n<td>21,20 kg<\/td>\n<td>72.000 m<\/td>\n<td><\/td>\n<\/tr>\n<tr>\n<td class=\"th1\">N_80_520_50_XY_N<\/td>\n<td>\n<img loading=\"lazy\" decoding=\"async\" class=\"aligncenter size-full wp-image-4846\" src=\"https:\/\/www.maar.si\/wp-content\/uploads\/2021\/11\/b-roza.gif\" alt=\"\" width=\"40\" height=\"40\" srcset=\"https:\/\/www.maar.si\/wp-content\/uploads\/2021\/11\/b-roza.gif 86w, https:\/\/www.maar.si\/wp-content\/uploads\/2021\/11\/b-roza-80x80.gif 80w\" sizes=\"auto, (max-width: 40px) 100vw, 40px\" \/>\n<\/td>\n<td>460 mm<\/td>\n<td>160 mm<\/td>\n<td>3 kg<\/td>\n<td align=\"right\">2000 m<\/td>\n<td align=\"right\"><\/td>\n<td>21,20 kg<\/td>\n<td><\/td>\n<td>72.000 m<\/td>\n<td><\/td>\n<\/tr>\n<tr>\n<td class=\"th1\">N_140_530_85_XY_R<\/td>\n<td>\n<img loading=\"lazy\" decoding=\"async\" class=\"aligncenter size-full wp-image-4846\" src=\"https:\/\/www.maar.si\/wp-content\/uploads\/2021\/11\/b-roza.gif\" alt=\"\" width=\"40\" height=\"40\" srcset=\"https:\/\/www.maar.si\/wp-content\/uploads\/2021\/11\/b-roza.gif 86w, https:\/\/www.maar.si\/wp-content\/uploads\/2021\/11\/b-roza-80x80.gif 80w\" sizes=\"auto, (max-width: 40px) 100vw, 40px\" \/>\n<\/td>\n<td>490 mm<\/td>\n<td>160 mm<\/td>\n<td>5 kg<\/td>\n<td>1000 m<\/td>\n<td><\/td>\n<td>9,00 kg<\/td>\n<td><\/td>\n<td>36.000 m<\/td>\n<td><\/td>\n<\/tr>\n<tr>\n<td class=\"th1\">GAR_100_D20_100_XY_R<\/td>\n<td>\n<table>\n<tbody>\n<tr>\n<td><\/td>\n<\/tr>\n<\/tbody>\n<\/table>\n<\/td>\n<td>210 mm<\/td>\n<td>80 mm<\/td>\n<td>\/<\/td>\n<td>1000 m<\/td>\n<td><\/td>\n<td>10,40 kg<\/td>\n<td><\/td>\n<td>48.000 m<\/td>\n<td><\/td>\n<\/tr>\n<\/tbody>\n<\/table>\n<span class=\"opomba\">Anmerkung: Die Angaben in diesem Text beziehen sich auf bestehende Werte bei der Texterstellung. Alle Angaben sind ungef\u00e4hre Messungen und k\u00f6nnen sich ver\u00e4ndern. Produkte wie Netze k\u00f6nnen schrumpfen oder sich erweitern, daher sind Abweichungen m\u00f6glich.<\/span><\/div>\n\t\t\t\t<\/div>\n\t\t\t\t\t\t\t\t<\/div>\n\t\t\t\t<\/div>\n\t\t\t\t<\/div>\n\t\t\t\t\t\t<\/div>\n\t\t\t\t\t<\/div>\n\t\t<\/div>\n\t\t\t\t\t\t\t\t<\/div>\n\t\t\t\t\t<\/div>\n\t\t<\/section>\n\t\t\t\t\t\t<\/div>\n\t\t\t\t\t\t<\/div>\n\t\t\t\t\t<\/div>\n\t\t","protected":false},"excerpt":{"rendered":"<p>Extrudierte bzw. geschwei\u00dfte Netze stellen die Eckpfeiler unserer Produktpalette dar. Sie bestehen aus Polyethylen und werden mittels Schwei\u00dfverfahrens nach vorgegebenem Muster hergestellt. Extrudierte Netze sind gut dehnbar und vielseitig anwendbar. Dank ihrer Eigenschaften sind sie [&hellip;]<\/p>\n","protected":false},"author":1,"featured_media":1767,"parent":2318,"menu_order":0,"comment_status":"closed","ping_status":"closed","template":"templates\/listing-blockchain_service.php","meta":{"footnotes":""},"class_list":["post-2344","page","type-page","status-publish","has-post-thumbnail","hentry"],"_links":{"self":[{"href":"https:\/\/www.maar.si\/de\/wp-json\/wp\/v2\/pages\/2344\/"}],"collection":[{"href":"https:\/\/www.maar.si\/de\/wp-json\/wp\/v2\/pages\/"}],"about":[{"href":"https:\/\/www.maar.si\/de\/wp-json\/wp\/v2\/types\/page\/"}],"author":[{"embeddable":true,"href":"https:\/\/www.maar.si\/de\/wp-json\/wp\/v2\/users\/1\/"}],"replies":[{"embeddable":true,"href":"https:\/\/www.maar.si\/de\/wp-json\/wp\/v2\/comments\/?post=2344"}],"version-history":[{"count":15,"href":"https:\/\/www.maar.si\/de\/wp-json\/wp\/v2\/pages\/2344\/revisions\/"}],"predecessor-version":[{"id":4882,"href":"https:\/\/www.maar.si\/de\/wp-json\/wp\/v2\/pages\/2344\/revisions\/4882\/"}],"up":[{"embeddable":true,"href":"https:\/\/www.maar.si\/de\/wp-json\/wp\/v2\/pages\/2318\/"}],"wp:featuredmedia":[{"embeddable":true,"href":"https:\/\/www.maar.si\/de\/wp-json\/wp\/v2\/media\/1767\/"}],"wp:attachment":[{"href":"https:\/\/www.maar.si\/de\/wp-json\/wp\/v2\/media\/?parent=2344"}],"curies":[{"name":"wp","href":"https:\/\/api.w.org\/{rel}","templated":true}]}}